{"id":6423,"date":"2024-02-20T14:24:11","date_gmt":"2024-02-20T13:24:11","guid":{"rendered":"https:\/\/www.smartsensorysolutions.com\/?page_id=6423"},"modified":"2024-03-04T10:40:05","modified_gmt":"2024-03-04T09:40:05","slug":"customize","status":"publish","type":"page","link":"https:\/\/www.smartsensorysolutions.com\/pt-pt\/customize\/","title":{"rendered":"Customize"},"content":{"rendered":"<p><div class=\"fusion-fullwidth fullwidth-box fusion-builder-row-1 fusion-flex-container nonhundred-percent-fullwidth non-hundred-percent-height-scrolling\" style=\"--awb-border-radius-top-left:0px;--awb-border-radius-top-right:0px;--awb-border-radius-bottom-right:0px;--awb-border-radius-bottom-left:0px;--awb-padding-bottom:20px;--awb-margin-bottom:0px;\" ><div class=\"fusion-builder-row fusion-row fusion-flex-align-items-flex-start\" style=\"max-width:1310.4px;margin-left: calc(-4% \/ 2 );margin-right: calc(-4% \/ 2 );\"><div class=\"fusion-layout-column fusion_builder_column fusion-builder-column-0 fusion_builder_column_1_1 1_1 fusion-flex-column\" style=\"--awb-bg-size:cover;--awb-width-large:100%;--awb-margin-top-large:20px;--awb-spacing-right-large:1.92%;--awb-margin-bottom-large:20px;--awb-spacing-left-large:1.92%;--awb-width-medium:100%;--awb-order-medium:0;--awb-spacing-right-medium:1.92%;--awb-spacing-left-medium:1.92%;--awb-width-small:100%;--awb-order-small:0;--awb-spacing-right-small:1.92%;--awb-spacing-left-small:1.92%;\"><div class=\"fusion-column-wrapper fusion-column-has-shadow fusion-flex-justify-content-flex-start fusion-content-layout-column\"><div class=\"fusion-title title fusion-title-1 fusion-sep-none fusion-title-center fusion-title-text fusion-title-size-two\"><h2 class=\"title-heading-center fusion-responsive-typography-calculated\" style=\"margin:0;--fontSize:36;line-height:1.2;\">Personalize sua solu\u00e7\u00e3o<\/h2><\/div><div class=\"fusion-text fusion-text-1\" style=\"--awb-content-alignment:center;--awb-text-transform:none;\"><p>Nossa solu\u00e7\u00e3o \u00e9 uma ferramenta adequada para empresas e pesquisadores que buscam uma plataforma b\u00e1sica, por\u00e9m escal\u00e1vel, para atender \u00e0s suas crescentes necessidades de an\u00e1lise sensorial. Identifique e me\u00e7a os motivadores do gosto para potencializar suas campanhas de marketing, construa mapas de prefer\u00eancias para segmentar seus clientes, entenda como evolui a percep\u00e7\u00e3o de um produto durante seu consumo, identifique melhorias potenciais atrav\u00e9s da an\u00e1lise de penalidades.<\/p>\n<\/div><\/div><\/div><\/div><\/div><div class=\"fusion-fullwidth fullwidth-box fusion-builder-row-2 fusion-flex-container nonhundred-percent-fullwidth non-hundred-percent-height-scrolling\" style=\"--awb-border-radius-top-left:0px;--awb-border-radius-top-right:0px;--awb-border-radius-bottom-right:0px;--awb-border-radius-bottom-left:0px;--awb-padding-top:10px;\" id=\"beginner\" ><div class=\"fusion-builder-row fusion-row fusion-flex-align-items-flex-start fusion-flex-justify-content-space-between\" style=\"max-width:calc( 1260px + 30px );margin-left: calc(-30px \/ 2 );margin-right: calc(-30px \/ 2 );\"><div class=\"fusion-layout-column fusion_builder_column fusion-builder-column-1 fusion-flex-column fusion-flex-align-self-center\" style=\"--awb-bg-size:cover;--awb-width-large:55%;--awb-margin-top-large:0px;--awb-spacing-right-large:15px;--awb-margin-bottom-large:0px;--awb-spacing-left-large:15px;--awb-width-medium:55%;--awb-order-medium:0;--awb-spacing-right-medium:15px;--awb-spacing-left-medium:15px;--awb-width-small:100%;--awb-order-small:0;--awb-spacing-right-small:15px;--awb-spacing-left-small:15px;\"><div class=\"fusion-column-wrapper fusion-column-has-shadow fusion-flex-justify-content-center fusion-content-layout-column\"><div class=\"fusion-image-element \" style=\"--awb-caption-title-font-family:var(--h2_typography-font-family);--awb-caption-title-font-weight:var(--h2_typography-font-weight);--awb-caption-title-font-style:var(--h2_typography-font-style);--awb-caption-title-size:var(--h2_typography-font-size);--awb-caption-title-transform:var(--h2_typography-text-transform);--awb-caption-title-line-height:var(--h2_typography-line-height);--awb-caption-title-letter-spacing:var(--h2_typography-letter-spacing);\"><span class=\" fusion-imageframe imageframe-none imageframe-1 hover-type-none\" style=\"border-radius:12px;\" class=\"image-magnify\" class=\"image-scroll\"><img decoding=\"async\" width=\"1536\" height=\"1024\" title=\"Customize_Beginners_tablet-6\" src=\"https:\/\/www.smartsensorysolutions.com\/wp-content\/uploads\/2022\/09\/Customize_Beginners_tablet-6.jpg\" alt class=\"img-responsive wp-image-6300\" srcset=\"https:\/\/www.smartsensorysolutions.com\/wp-content\/uploads\/2022\/09\/Customize_Beginners_tablet-6-200x133.jpg 200w, https:\/\/www.smartsensorysolutions.com\/wp-content\/uploads\/2022\/09\/Customize_Beginners_tablet-6-400x267.jpg 400w, https:\/\/www.smartsensorysolutions.com\/wp-content\/uploads\/2022\/09\/Customize_Beginners_tablet-6-600x400.jpg 600w, https:\/\/www.smartsensorysolutions.com\/wp-content\/uploads\/2022\/09\/Customize_Beginners_tablet-6-800x533.jpg 800w, https:\/\/www.smartsensorysolutions.com\/wp-content\/uploads\/2022\/09\/Customize_Beginners_tablet-6-1200x800.jpg 1200w, https:\/\/www.smartsensorysolutions.com\/wp-content\/uploads\/2022\/09\/Customize_Beginners_tablet-6.jpg 1536w\" sizes=\"(max-width: 800px) 100vw, 800px\" \/><\/span><\/div><\/div><\/div><div class=\"fusion-layout-column fusion_builder_column fusion-builder-column-2 fusion-flex-column\" style=\"--awb-bg-size:cover;--awb-width-large:40%;--awb-margin-top-large:20px;--awb-spacing-right-large:15px;--awb-margin-bottom-large:20px;--awb-spacing-left-large:15px;--awb-width-medium:40%;--awb-order-medium:0;--awb-spacing-right-medium:15px;--awb-spacing-left-medium:15px;--awb-width-small:100%;--awb-order-small:0;--awb-spacing-right-small:15px;--awb-spacing-left-small:15px;\"><div class=\"fusion-column-wrapper fusion-column-has-shadow fusion-flex-justify-content-flex-start fusion-content-layout-column\"><div class=\"fusion-title title fusion-title-2 fusion-sep-none fusion-title-center fusion-title-text fusion-title-size-four\"><h4 class=\"title-heading-center fusion-responsive-typography-calculated\" style=\"margin:0;--fontSize:22;--minFontSize:22;line-height:1.42;\">Pronto para come\u00e7ar<\/h4><\/div><div class=\"fusion-text fusion-text-2\" style=\"--awb-text-transform:none;\"><p>A Smart Sensory Solutions \u00e9 um <strong>software modular<\/strong>\u00a0que permitir\u00e1 implementar passo a passo um programa sensorial em sua empresa. Nenhum treinamento espec\u00edfico \u00e9 necess\u00e1rio e basta escolher entre\u00a0<strong>20 protocolos de teste pr\u00e9-configurados diferentes<\/strong>\u00a0e come\u00e7ar a coletar dados confi\u00e1veis \u200b\u200bcom uma solu\u00e7\u00e3o personalizada.<br \/>\nAlguns Exemplos:<\/p>\n<ul>\n<li>Identifique e descarte produtos que apresentem desvios de sua produ\u00e7\u00e3o normal com o teste<strong> In\/Out<\/strong><\/li>\n<li>Determine o quanto qualquer amostra de produ\u00e7\u00e3o varia em rela\u00e7\u00e3o a um produto de padr\u00e3o com o <strong>Teste de Diferen\u00e7a do Controle<\/strong><\/li>\n<li>Determine se as diferen\u00e7as nos produtos resultam de uma mudan\u00e7a nos ingredientes, processamento, embalagem ou armazenamento com um <strong>Teste Triangular<\/strong><\/li>\n<\/ul>\n<\/div><div style=\"text-align:center;\"><a class=\"fusion-button button-flat button-large button-default fusion-button-default button-1 fusion-button-default-span fusion-button-default-type\" style=\"--button_margin-top:15px;--button_margin-bottom:15px;\" target=\"_self\" href=\"#quote-form\"><span class=\"fusion-button-text\">Personalize sua solu\u00e7\u00e3o<\/span><\/a><\/div><\/div><\/div><\/div><\/div><div class=\"fusion-fullwidth fullwidth-box fusion-builder-row-3 fusion-flex-container nonhundred-percent-fullwidth non-hundred-percent-height-scrolling\" style=\"--awb-border-radius-top-left:0px;--awb-border-radius-top-right:0px;--awb-border-radius-bottom-right:0px;--awb-border-radius-bottom-left:0px;--awb-background-color:var(--awb-custom_color_2);\" id=\"expert\" ><div class=\"fusion-builder-row fusion-row fusion-flex-align-items-flex-start fusion-flex-justify-content-space-between\" style=\"max-width:1310.4px;margin-left: calc(-4% \/ 2 );margin-right: calc(-4% \/ 2 );\"><div class=\"fusion-layout-column fusion_builder_column fusion-builder-column-3 fusion-flex-column\" style=\"--awb-bg-size:cover;--awb-width-large:40%;--awb-margin-top-large:20px;--awb-spacing-right-large:4.8%;--awb-margin-bottom-large:20px;--awb-spacing-left-large:4.8%;--awb-width-medium:40%;--awb-order-medium:0;--awb-spacing-right-medium:4.8%;--awb-spacing-left-medium:4.8%;--awb-width-small:100%;--awb-order-small:1;--awb-spacing-right-small:1.92%;--awb-spacing-left-small:1.92%;\"><div class=\"fusion-column-wrapper fusion-column-has-shadow fusion-flex-justify-content-flex-start fusion-content-layout-column\"><div class=\"fusion-title title fusion-title-3 fusion-sep-none fusion-title-center fusion-title-text fusion-title-size-four\"><h4 class=\"title-heading-center fusion-responsive-typography-calculated\" style=\"margin:0;--fontSize:22;--minFontSize:22;line-height:1.42;\">Ferramentas Avan\u00e7adas em uma Interface Simples<\/h4><\/div><div class=\"fusion-text fusion-text-3\" style=\"--awb-text-transform:none;\"><p>Apenas arrastando e soltando os m\u00f3dulos de teste na\u00a0<strong>Ferramenta de Sequ\u00eancia<\/strong>,\u00a0voc\u00ea pode criar facilmente uma combina\u00e7\u00e3o bem estruturada de testes sensoriais, adicionando elementos de pesquisa e projetando randomiza\u00e7\u00f5es avan\u00e7adas de amostras em poucos cliques.<\/p>\n<ul>\n<li>Combine\u00a0<strong>Teste de Aceita\u00e7\u00e3o, \u00a0CATA\u00a0e Escala de Produtos Ideais<\/strong>\u00a0para um estudo de otimiza\u00e7\u00e3o de produtos<\/li>\n<li>Descreva atrav\u00e9s de <strong>m\u00e9todos din\u00e2micos<\/strong>, a evolu\u00e7\u00e3o temporal das diferentes sensa\u00e7\u00f5es desenvolvidas durante o consumo de um alimento espec\u00edfico ou mais<\/li>\n<li>Classifique um conjunto de produtos e obtenha (des)similaridades, com uma abordagem hol\u00edstica, com <strong>m\u00e9todos de mapeamento projetivo<\/strong>.<\/li>\n<\/ul>\n<\/div><div style=\"text-align:center;\"><a class=\"fusion-button button-flat button-large button-default fusion-button-default button-2 fusion-button-default-span fusion-button-default-type\" style=\"--button_margin-top:15px;--button_margin-bottom:15px;\" target=\"_self\" href=\"#quote-form\"><span class=\"fusion-button-text\">Personalize sua solu\u00e7\u00e3o<\/span><\/a><\/div><\/div><\/div><div class=\"fusion-layout-column fusion_builder_column fusion-builder-column-4 fusion-flex-column fusion-flex-align-self-center\" style=\"--awb-bg-size:cover;--awb-width-large:55%;--awb-margin-top-large:0px;--awb-spacing-right-large:3.4909090909091%;--awb-margin-bottom-large:0px;--awb-spacing-left-large:3.4909090909091%;--awb-width-medium:55%;--awb-order-medium:0;--awb-spacing-right-medium:3.4909090909091%;--awb-spacing-left-medium:3.4909090909091%;--awb-width-small:100%;--awb-order-small:0;--awb-spacing-right-small:1.92%;--awb-spacing-left-small:1.92%;\"><div class=\"fusion-column-wrapper fusion-column-has-shadow fusion-flex-justify-content-center fusion-content-layout-column\"><div class=\"fusion-image-element \" style=\"--awb-caption-title-font-family:var(--h2_typography-font-family);--awb-caption-title-font-weight:var(--h2_typography-font-weight);--awb-caption-title-font-style:var(--h2_typography-font-style);--awb-caption-title-size:var(--h2_typography-font-size);--awb-caption-title-transform:var(--h2_typography-text-transform);--awb-caption-title-line-height:var(--h2_typography-line-height);--awb-caption-title-letter-spacing:var(--h2_typography-letter-spacing);\"><span class=\" fusion-imageframe imageframe-none imageframe-2 hover-type-none zoomed-img\" style=\"border-radius:12px;\" class=\"image-magnify\" class=\"image-scroll\"><img decoding=\"async\" width=\"1024\" height=\"683\" title=\"29825\" src=\"https:\/\/www.smartsensorysolutions.com\/wp-content\/uploads\/2022\/12\/29825-1024x683.jpeg\" alt class=\"img-responsive wp-image-6321\" srcset=\"https:\/\/www.smartsensorysolutions.com\/wp-content\/uploads\/2022\/12\/29825-200x133.jpeg 200w, https:\/\/www.smartsensorysolutions.com\/wp-content\/uploads\/2022\/12\/29825-400x267.jpeg 400w, https:\/\/www.smartsensorysolutions.com\/wp-content\/uploads\/2022\/12\/29825-600x400.jpeg 600w, https:\/\/www.smartsensorysolutions.com\/wp-content\/uploads\/2022\/12\/29825-800x534.jpeg 800w, https:\/\/www.smartsensorysolutions.com\/wp-content\/uploads\/2022\/12\/29825-1200x801.jpeg 1200w, https:\/\/www.smartsensorysolutions.com\/wp-content\/uploads\/2022\/12\/29825.jpeg 1920w\" sizes=\"(max-width: 800px) 100vw, 800px\" \/><\/span><\/div><\/div><\/div><\/div><\/div><\/p>\n","protected":false},"excerpt":{"rendered":"","protected":false},"author":4,"featured_media":0,"parent":0,"menu_order":0,"comment_status":"closed","ping_status":"closed","template":"100-width.php","meta":{"inline_featured_image":false},"yoast_head":"<!-- This site is optimized with the Yoast SEO plugin v20.4 - https:\/\/yoast.com\/wordpress\/plugins\/seo\/ -->\n<title>Customize - Smart Sensory Solutions<\/title>\n<meta name=\"description\" content=\"Escolha seus testes para criar seu software sensorial sob medida.\" \/>\n<meta name=\"robots\" content=\"index, follow, max-snippet:-1, max-image-preview:large, max-video-preview:-1\" \/>\n<link rel=\"canonical\" href=\"https:\/\/www.smartsensorysolutions.com\/pt-pt\/customize\/\" \/>\n<meta property=\"og:locale\" content=\"pt_PT\" \/>\n<meta property=\"og:type\" content=\"article\" \/>\n<meta property=\"og:title\" content=\"Crie o software perfeito pelo pre\u00e7o certo\" \/>\n<meta property=\"og:description\" content=\"Escolha seus testes para criar seu software sensorial sob medida\" \/>\n<meta property=\"og:url\" content=\"https:\/\/www.smartsensorysolutions.com\/pt-pt\/customize\/\" \/>\n<meta property=\"og:site_name\" content=\"Smart Sensory Solutions\" \/>\n<meta property=\"article:modified_time\" content=\"2024-03-04T09:40:05+00:00\" \/>\n<meta property=\"og:image\" content=\"https:\/\/www.smartsensorysolutions.com\/wp-content\/uploads\/2022\/09\/Customize_Beginners_tablet-6.jpg\" \/>\n\t<meta property=\"og:image:width\" content=\"1536\" \/>\n\t<meta property=\"og:image:height\" content=\"1024\" \/>\n\t<meta property=\"og:image:type\" content=\"image\/jpeg\" \/>\n<meta name=\"twitter:card\" content=\"summary_large_image\" \/>\n<meta name=\"twitter:label1\" content=\"Tempo estimado de leitura\" \/>\n\t<meta name=\"twitter:data1\" content=\"10 minutos\" \/>\n<script type=\"application\/ld+json\" class=\"yoast-schema-graph\">{\"@context\":\"https:\/\/schema.org\",\"@graph\":[{\"@type\":\"WebPage\",\"@id\":\"https:\/\/www.smartsensorysolutions.com\/pt-pt\/customize\/\",\"url\":\"https:\/\/www.smartsensorysolutions.com\/pt-pt\/customize\/\",\"name\":\"Customize - Smart Sensory Solutions\",\"isPartOf\":{\"@id\":\"https:\/\/www.smartsensorysolutions.com\/pt-pt\/#website\"},\"datePublished\":\"2024-02-20T13:24:11+00:00\",\"dateModified\":\"2024-03-04T09:40:05+00:00\",\"description\":\"Escolha seus testes para criar seu software sensorial sob medida.\",\"breadcrumb\":{\"@id\":\"https:\/\/www.smartsensorysolutions.com\/pt-pt\/customize\/#breadcrumb\"},\"inLanguage\":\"pt-PT\",\"potentialAction\":[{\"@type\":\"ReadAction\",\"target\":[\"https:\/\/www.smartsensorysolutions.com\/pt-pt\/customize\/\"]}]},{\"@type\":\"BreadcrumbList\",\"@id\":\"https:\/\/www.smartsensorysolutions.com\/pt-pt\/customize\/#breadcrumb\",\"itemListElement\":[{\"@type\":\"ListItem\",\"position\":1,\"name\":\"Home\",\"item\":\"https:\/\/www.smartsensorysolutions.com\/pt-pt\/\"},{\"@type\":\"ListItem\",\"position\":2,\"name\":\"Customize\"}]},{\"@type\":\"WebSite\",\"@id\":\"https:\/\/www.smartsensorysolutions.com\/pt-pt\/#website\",\"url\":\"https:\/\/www.smartsensorysolutions.com\/pt-pt\/\",\"name\":\"Smart Sensory Solutions\",\"description\":\"the innovative solution for Sensory Analysis\",\"potentialAction\":[{\"@type\":\"SearchAction\",\"target\":{\"@type\":\"EntryPoint\",\"urlTemplate\":\"https:\/\/www.smartsensorysolutions.com\/pt-pt\/?s={search_term_string}\"},\"query-input\":\"required name=search_term_string\"}],\"inLanguage\":\"pt-PT\"}]}<\/script>\n<!-- \/ Yoast SEO plugin. -->","yoast_head_json":{"title":"Customize - Smart Sensory Solutions","description":"Escolha seus testes para criar seu software sensorial sob medida.","robots":{"index":"index","follow":"follow","max-snippet":"max-snippet:-1","max-image-preview":"max-image-preview:large","max-video-preview":"max-video-preview:-1"},"canonical":"https:\/\/www.smartsensorysolutions.com\/pt-pt\/customize\/","og_locale":"pt_PT","og_type":"article","og_title":"Crie o software perfeito pelo pre\u00e7o certo","og_description":"Escolha seus testes para criar seu software sensorial sob medida","og_url":"https:\/\/www.smartsensorysolutions.com\/pt-pt\/customize\/","og_site_name":"Smart Sensory Solutions","article_modified_time":"2024-03-04T09:40:05+00:00","og_image":[{"width":1536,"height":1024,"url":"https:\/\/www.smartsensorysolutions.com\/wp-content\/uploads\/2022\/09\/Customize_Beginners_tablet-6.jpg","type":"image\/jpeg"}],"twitter_card":"summary_large_image","twitter_misc":{"Tempo estimado de leitura":"10 minutos"},"schema":{"@context":"https:\/\/schema.org","@graph":[{"@type":"WebPage","@id":"https:\/\/www.smartsensorysolutions.com\/pt-pt\/customize\/","url":"https:\/\/www.smartsensorysolutions.com\/pt-pt\/customize\/","name":"Customize - Smart Sensory Solutions","isPartOf":{"@id":"https:\/\/www.smartsensorysolutions.com\/pt-pt\/#website"},"datePublished":"2024-02-20T13:24:11+00:00","dateModified":"2024-03-04T09:40:05+00:00","description":"Escolha seus testes para criar seu software sensorial sob medida.","breadcrumb":{"@id":"https:\/\/www.smartsensorysolutions.com\/pt-pt\/customize\/#breadcrumb"},"inLanguage":"pt-PT","potentialAction":[{"@type":"ReadAction","target":["https:\/\/www.smartsensorysolutions.com\/pt-pt\/customize\/"]}]},{"@type":"BreadcrumbList","@id":"https:\/\/www.smartsensorysolutions.com\/pt-pt\/customize\/#breadcrumb","itemListElement":[{"@type":"ListItem","position":1,"name":"Home","item":"https:\/\/www.smartsensorysolutions.com\/pt-pt\/"},{"@type":"ListItem","position":2,"name":"Customize"}]},{"@type":"WebSite","@id":"https:\/\/www.smartsensorysolutions.com\/pt-pt\/#website","url":"https:\/\/www.smartsensorysolutions.com\/pt-pt\/","name":"Smart Sensory Solutions","description":"the innovative solution for Sensory Analysis","potentialAction":[{"@type":"SearchAction","target":{"@type":"EntryPoint","urlTemplate":"https:\/\/www.smartsensorysolutions.com\/pt-pt\/?s={search_term_string}"},"query-input":"required name=search_term_string"}],"inLanguage":"pt-PT"}]}},"_links":{"self":[{"href":"https:\/\/www.smartsensorysolutions.com\/pt-pt\/wp-json\/wp\/v2\/pages\/6423"}],"collection":[{"href":"https:\/\/www.smartsensorysolutions.com\/pt-pt\/wp-json\/wp\/v2\/pages"}],"about":[{"href":"https:\/\/www.smartsensorysolutions.com\/pt-pt\/wp-json\/wp\/v2\/types\/page"}],"author":[{"embeddable":true,"href":"https:\/\/www.smartsensorysolutions.com\/pt-pt\/wp-json\/wp\/v2\/users\/4"}],"replies":[{"embeddable":true,"href":"https:\/\/www.smartsensorysolutions.com\/pt-pt\/wp-json\/wp\/v2\/comments?post=6423"}],"version-history":[{"count":10,"href":"https:\/\/www.smartsensorysolutions.com\/pt-pt\/wp-json\/wp\/v2\/pages\/6423\/revisions"}],"predecessor-version":[{"id":6489,"href":"https:\/\/www.smartsensorysolutions.com\/pt-pt\/wp-json\/wp\/v2\/pages\/6423\/revisions\/6489"}],"wp:attachment":[{"href":"https:\/\/www.smartsensorysolutions.com\/pt-pt\/wp-json\/wp\/v2\/media?parent=6423"}],"curies":[{"name":"wp","href":"https:\/\/api.w.org\/{rel}","templated":true}]}}