{"id":5583,"date":"2020-09-14T16:06:13","date_gmt":"2020-09-14T14:06:13","guid":{"rendered":"https:\/\/www.smartsensorysolutions.com\/faqs\/"},"modified":"2024-03-15T09:52:57","modified_gmt":"2024-03-15T08:52:57","slug":"preguntas-frequentes","status":"publish","type":"page","link":"https:\/\/www.smartsensorysolutions.com\/es\/preguntas-frequentes\/","title":{"rendered":"Preguntas frequentes"},"content":{"rendered":"<p><div class=\"fusion-fullwidth fullwidth-box fusion-builder-row-1 fusion-flex-container nonhundred-percent-fullwidth non-hundred-percent-height-scrolling\" style=\"--awb-border-radius-top-left:0px;--awb-border-radius-top-right:0px;--awb-border-radius-bottom-right:0px;--awb-border-radius-bottom-left:0px;--awb-padding-top:40px;--awb-padding-bottom:40px;--awb-padding-top-medium:60px;--awb-padding-bottom-medium:60px;--awb-padding-top-small:20px;--awb-padding-bottom-small:60px;--awb-background-color:rgba(242,246,252,0.5);\" ><div class=\"fusion-builder-row fusion-row fusion-flex-align-items-flex-start\" style=\"max-width:1310.4px;margin-left: calc(-4% \/ 2 );margin-right: calc(-4% \/ 2 );\"><div class=\"fusion-layout-column fusion_builder_column fusion-builder-column-0 fusion_builder_column_1_2 1_2 fusion-flex-column\" style=\"--awb-bg-size:cover;--awb-width-large:50%;--awb-margin-top-large:20px;--awb-spacing-right-large:7.68%;--awb-margin-bottom-large:20px;--awb-spacing-left-large:3.84%;--awb-width-medium:50%;--awb-order-medium:0;--awb-spacing-right-medium:7.68%;--awb-spacing-left-medium:7.68%;--awb-width-small:100%;--awb-order-small:0;--awb-spacing-right-small:1.92%;--awb-margin-bottom-small:0px;--awb-spacing-left-small:1.92%;\"><div class=\"fusion-column-wrapper fusion-column-has-shadow fusion-flex-justify-content-flex-start fusion-content-layout-column\"><div class=\"fusion-title title fusion-title-1 fusion-sep-none fusion-title-text fusion-title-size-three\"><h3 class=\"title-heading-left fusion-responsive-typography-calculated\" style=\"margin:0;--fontSize:28;line-height:1.3;\">\u00bfSmart Sensory Solutions tiene una versi\u00f3n en la nube?<\/h3><\/div><div class=\"fusion-text fusion-text-1\" style=\"--awb-text-transform:none;\"><p>S\u00ed. Puedes elegir utilizar Smart Sensory Solutions con un dispositivo f\u00edsico, o optar por una licencia en la nube completa. Tambi\u00e9n tenemos soluciones intermedias\/h\u00edbridas. Cont\u00e1ctanos para obtener informaci\u00f3n adicional.<\/p>\n<\/div><\/div><\/div><div class=\"fusion-layout-column fusion_builder_column fusion-builder-column-1 fusion_builder_column_1_2 1_2 fusion-flex-column\" style=\"--awb-bg-size:cover;--awb-width-large:50%;--awb-margin-top-large:20px;--awb-spacing-right-large:7.68%;--awb-margin-bottom-large:20px;--awb-spacing-left-large:3.84%;--awb-width-medium:50%;--awb-order-medium:0;--awb-spacing-right-medium:7.68%;--awb-spacing-left-medium:7.68%;--awb-width-small:100%;--awb-order-small:0;--awb-spacing-right-small:1.92%;--awb-margin-bottom-small:0px;--awb-spacing-left-small:1.92%;\"><div class=\"fusion-column-wrapper fusion-column-has-shadow fusion-flex-justify-content-flex-start fusion-content-layout-column\"><div class=\"fusion-title title fusion-title-2 fusion-sep-none fusion-title-text fusion-title-size-three\"><h3 class=\"title-heading-left fusion-responsive-typography-calculated\" style=\"margin:0;--fontSize:28;line-height:1.3;\">\u00bfSmart Sensory Solutions necesita mantenimiento?<\/h3><\/div><div class=\"fusion-text fusion-text-2\" style=\"--awb-text-transform:none;\"><p>Si elegiste la versi\u00f3n en la nube, el mantenimiento en los servidores se realiza peri\u00f3dicamente por nosotros. No se requiere ninguna acci\u00f3n por parte del usuario. Si elegiste la versi\u00f3n dispositivo f\u00edsico \u00abbox\u00bb que proporcionamos a los usuarios, es un hardware muy robusto y confiable. Sin embargo, los dispositivos electr\u00f3nicos, como todas las cosas, eventualmente se desgastar\u00e1n con el tiempo. Si tu Smart Sensory Box deja de funcionar, env\u00edalo de vuelta y lo reemplazaremos de forma gratuita. Si elegiste la versi\u00f3n en la nube, el mantenimiento en los servidores se realiza peri\u00f3dicamente por nosotros. No se requiere ninguna acci\u00f3n por parte del usuario.<\/p>\n<\/div><\/div><\/div><div class=\"fusion-layout-column fusion_builder_column fusion-builder-column-2 fusion_builder_column_1_2 1_2 fusion-flex-column\" style=\"--awb-bg-size:cover;--awb-width-large:50%;--awb-margin-top-large:20px;--awb-spacing-right-large:7.68%;--awb-margin-bottom-large:20px;--awb-spacing-left-large:3.84%;--awb-width-medium:50%;--awb-order-medium:0;--awb-spacing-right-medium:7.68%;--awb-spacing-left-medium:7.68%;--awb-width-small:100%;--awb-order-small:0;--awb-spacing-right-small:1.92%;--awb-margin-bottom-small:0px;--awb-spacing-left-small:1.92%;\"><div class=\"fusion-column-wrapper fusion-column-has-shadow fusion-flex-justify-content-flex-start fusion-content-layout-column\"><div class=\"fusion-title title fusion-title-3 fusion-sep-none fusion-title-text fusion-title-size-three\"><h3 class=\"title-heading-left fusion-responsive-typography-calculated\" style=\"margin:0;--fontSize:28;line-height:1.3;\">\u00bfC\u00f3mo instalo mi Smart Sensory Box?<\/h3><\/div><div class=\"fusion-text fusion-text-3\" style=\"--awb-text-transform:none;\"><p>Una vez que desempaques tu Smart Sensory Box, simplemente con\u00e9ctalo a la fuente de alimentaci\u00f3n y enci\u00e9ndelo. El sistema se iniciar\u00e1 y crear\u00e1 una red wifi. Usa tu PC o tablet para acceder a la red y abrir tu navegador Chrome. Ver\u00e1s la p\u00e1gina de inicio de Smart Sensory Solutions y estar\u00e1s listo para comenzar. Si elegiste la versi\u00f3n en l\u00ednea, simplemente escribe la URL de tu nube y accede con las credenciales proporcionadas. El inicio de sesi\u00f3n es necesario solo para los l\u00edderes de panel. Los panelistas pueden acceder libremente.<\/p>\n<\/div><\/div><\/div><div class=\"fusion-layout-column fusion_builder_column fusion-builder-column-3 fusion_builder_column_1_2 1_2 fusion-flex-column\" style=\"--awb-bg-size:cover;--awb-width-large:50%;--awb-margin-top-large:20px;--awb-spacing-right-large:7.68%;--awb-margin-bottom-large:20px;--awb-spacing-left-large:3.84%;--awb-width-medium:50%;--awb-order-medium:0;--awb-spacing-right-medium:7.68%;--awb-spacing-left-medium:7.68%;--awb-width-small:100%;--awb-order-small:0;--awb-spacing-right-small:1.92%;--awb-margin-bottom-small:0px;--awb-spacing-left-small:1.92%;\"><div class=\"fusion-column-wrapper fusion-column-has-shadow fusion-flex-justify-content-flex-start fusion-content-layout-column\"><div class=\"fusion-title title fusion-title-4 fusion-sep-none fusion-title-text fusion-title-size-three\"><h3 class=\"title-heading-left fusion-responsive-typography-calculated\" style=\"margin:0;--fontSize:28;line-height:1.3;\">\u00bfC\u00f3mo funciona el box?<\/h3><\/div><div class=\"fusion-text fusion-text-4\" style=\"--awb-text-transform:none;\"><p>El box es un mini servidor equipado con una antena wifi. Cuando lo enciendes, crear\u00e1 una red wifi interna a la que los usuarios pueden conectar sus dispositivos (laptops, tablets o tel\u00e9fonos inteligentes). Una vez conectados, los usuarios pueden abrir el navegador Google Chrome y aparecer\u00e1 la p\u00e1gina de inicio de Smart Sensory Solutions como p\u00e1gina principal. Para funcionar localmente, el l\u00edder del panel y los dispositivos de los panelistas deben estar conectados al Smart Sensory Box a trav\u00e9s de wifi. El l\u00edder del panel debe iniciar sesi\u00f3n con las credenciales proporcionadas, mientras que los panelistas pueden acceder libremente.<\/p>\n<\/div><\/div><\/div><div class=\"fusion-layout-column fusion_builder_column fusion-builder-column-4 fusion_builder_column_1_2 1_2 fusion-flex-column\" style=\"--awb-bg-size:cover;--awb-width-large:50%;--awb-margin-top-large:20px;--awb-spacing-right-large:7.68%;--awb-margin-bottom-large:20px;--awb-spacing-left-large:3.84%;--awb-width-medium:50%;--awb-order-medium:0;--awb-spacing-right-medium:7.68%;--awb-spacing-left-medium:7.68%;--awb-width-small:100%;--awb-order-small:0;--awb-spacing-right-small:1.92%;--awb-margin-bottom-small:0px;--awb-spacing-left-small:1.92%;\"><div class=\"fusion-column-wrapper fusion-column-has-shadow fusion-flex-justify-content-flex-start fusion-content-layout-column\"><div class=\"fusion-title title fusion-title-5 fusion-sep-none fusion-title-text fusion-title-size-three\"><h3 class=\"title-heading-left fusion-responsive-typography-calculated\" style=\"margin:0;--fontSize:28;line-height:1.3;\">\u00bfQu\u00e9 sucede si necesito soporte despu\u00e9s de la compra?<\/h3><\/div><div class=\"fusion-text fusion-text-5\" style=\"--awb-text-transform:none;\"><p>Nuestro servicio de soporte al cliente est\u00e1 activo. Solo env\u00eda un correo electr\u00f3nico a <a href=\"mailto:customers@smartsensorybox.com\">customers@smartsensorybox.com<\/a> especificando tu problema y nos pondremos en contacto contigo de inmediato.<\/p>\n<\/div><\/div><\/div><div class=\"fusion-layout-column fusion_builder_column fusion-builder-column-5 fusion_builder_column_1_2 1_2 fusion-flex-column\" style=\"--awb-bg-size:cover;--awb-width-large:50%;--awb-margin-top-large:20px;--awb-spacing-right-large:7.68%;--awb-margin-bottom-large:20px;--awb-spacing-left-large:3.84%;--awb-width-medium:50%;--awb-order-medium:0;--awb-spacing-right-medium:7.68%;--awb-spacing-left-medium:7.68%;--awb-width-small:100%;--awb-order-small:0;--awb-spacing-right-small:1.92%;--awb-margin-bottom-small:0px;--awb-spacing-left-small:1.92%;\"><div class=\"fusion-column-wrapper fusion-column-has-shadow fusion-flex-justify-content-flex-start fusion-content-layout-column\"><div class=\"fusion-title title fusion-title-6 fusion-sep-none fusion-title-text fusion-title-size-three\"><h3 class=\"title-heading-left fusion-responsive-typography-calculated\" style=\"margin:0;--fontSize:28;line-height:1.3;\">\u00bfC\u00f3mo puedo comenzar a usarlo?<\/h3><\/div><div class=\"fusion-text fusion-text-6\" style=\"--awb-text-transform:none;\"><p>Si deseas ver c\u00f3mo funciona y quieres probarlo, solicita una demostraci\u00f3n. Te enviaremos un enlace para que elijas la fecha y hora que prefieras y te enviaremos un enlace para una videollamada. Despu\u00e9s de la llamada, tendr\u00e1s un per\u00edodo de prueba gratuito de 30 d\u00edas sin compromiso de la versi\u00f3n completa de Smart Sensory Solutions<\/p>\n<\/div><\/div><\/div><div class=\"fusion-layout-column fusion_builder_column fusion-builder-column-6 fusion_builder_column_1_2 1_2 fusion-flex-column\" style=\"--awb-bg-size:cover;--awb-width-large:50%;--awb-margin-top-large:20px;--awb-spacing-right-large:7.68%;--awb-margin-bottom-large:20px;--awb-spacing-left-large:3.84%;--awb-width-medium:50%;--awb-order-medium:0;--awb-spacing-right-medium:7.68%;--awb-spacing-left-medium:7.68%;--awb-width-small:100%;--awb-order-small:0;--awb-spacing-right-small:1.92%;--awb-margin-bottom-small:0px;--awb-spacing-left-small:1.92%;\"><div class=\"fusion-column-wrapper fusion-column-has-shadow fusion-flex-justify-content-flex-start fusion-content-layout-column\"><div class=\"fusion-title title fusion-title-7 fusion-sep-none fusion-title-text fusion-title-size-three\"><h3 class=\"title-heading-left fusion-responsive-typography-calculated\" style=\"margin:0;--fontSize:28;line-height:1.3;\">\u00bfEn qu\u00e9 sectores puedo aplicar Smart Sensory Solutions y la ciencia sensorial\/consumidor?<\/h3><\/div><div class=\"fusion-text fusion-text-7\" style=\"--awb-text-transform:none;\"><p>La investigaci\u00f3n sensorial y del consumidor se puede aplicar pr\u00e1cticamente a cualquier bien de consumo. Smart Sensory Solutions est\u00e1 dise\u00f1ado para adaptarse a todo tipo de investigaciones. Tambi\u00e9n ofrecemos soluciones personalizadas, capacitaci\u00f3n y servicios de asesoramiento.<\/p>\n<\/div><\/div><\/div><div class=\"fusion-layout-column fusion_builder_column fusion-builder-column-7 fusion_builder_column_1_2 1_2 fusion-flex-column\" style=\"--awb-bg-size:cover;--awb-width-large:50%;--awb-margin-top-large:20px;--awb-spacing-right-large:7.68%;--awb-margin-bottom-large:20px;--awb-spacing-left-large:3.84%;--awb-width-medium:50%;--awb-order-medium:0;--awb-spacing-right-medium:7.68%;--awb-spacing-left-medium:7.68%;--awb-width-small:100%;--awb-order-small:0;--awb-spacing-right-small:1.92%;--awb-margin-bottom-small:0px;--awb-spacing-left-small:1.92%;\"><div class=\"fusion-column-wrapper fusion-column-has-shadow fusion-flex-justify-content-flex-start fusion-content-layout-column\"><div class=\"fusion-title title fusion-title-8 fusion-sep-none fusion-title-text fusion-title-size-three\"><h3 class=\"title-heading-left fusion-responsive-typography-calculated\" style=\"margin:0;--fontSize:28;line-height:1.3;\">\u00bfC\u00f3mo puedo instalar nuevos tests adicionales?<\/h3><\/div><div class=\"fusion-text fusion-text-8\" style=\"--awb-text-transform:none;\"><p>Si deseas agregar nuevos tests a tu licencia, <a href=\"https:\/\/www.smartsensorysolutions.com\/application\/#contact-us\">env\u00edanos un correo electr\u00f3nico<\/a> con tu solicitud.<\/p>\n<\/div><\/div><\/div><\/div><\/div><div class=\"fusion-fullwidth fullwidth-box fusion-builder-row-2 fusion-flex-container has-pattern-background has-mask-background nonhundred-percent-fullwidth non-hundred-percent-height-scrolling\" style=\"--link_color: #ffffff;--awb-border-radius-top-left:0px;--awb-border-radius-top-right:0px;--awb-border-radius-bottom-right:0px;--awb-border-radius-bottom-left:0px;--awb-padding-top:20px;--awb-padding-bottom:20px;--awb-padding-top-small:40px;--awb-padding-right-small:20px;--awb-padding-bottom-small:0px;--awb-padding-left-small:20px;\" ><div class=\"fusion-builder-row fusion-row fusion-flex-align-items-center fusion-flex-justify-content-center\" style=\"max-width:1310.4px;margin-left: calc(-4% \/ 2 );margin-right: calc(-4% \/ 2 );\"><div class=\"fusion-layout-column fusion_builder_column fusion-builder-column-8 fusion_builder_column_1_1 1_1 fusion-flex-column\" style=\"--awb-padding-top:2%;--awb-padding-right:6%;--awb-padding-bottom:2%;--awb-padding-left:6%;--awb-overflow:hidden;--awb-bg-color:var(--awb-custom_color_1);--awb-bg-size:cover;--awb-box-shadow:0px 24px 40px 0px rgba(0,29,48,0.24);;--awb-border-radius:24px 24px 24px 24px;--awb-width-large:100%;--awb-margin-top-large:20px;--awb-spacing-right-large:0%;--awb-margin-bottom-large:20px;--awb-spacing-left-large:0%;--awb-width-medium:100%;--awb-order-medium:0;--awb-spacing-right-medium:0%;--awb-spacing-left-medium:0%;--awb-width-small:100%;--awb-order-small:0;--awb-spacing-right-small:1.92%;--awb-spacing-left-small:1.92%;\"><div class=\"fusion-column-wrapper fusion-column-has-shadow fusion-flex-justify-content-flex-start fusion-content-layout-column\"><div class=\"fusion-builder-row fusion-builder-row-inner fusion-row fusion-flex-align-items-center fusion-flex-justify-content-center\" style=\"width:104% !important;max-width:104% !important;margin-left: calc(-4% \/ 2 );margin-right: calc(-4% \/ 2 );\"><div class=\"fusion-layout-column fusion_builder_column_inner fusion-builder-nested-column-0 fusion_builder_column_inner_2_3 2_3 fusion-flex-column\" style=\"--awb-bg-size:cover;--awb-width-large:66.666666666667%;--awb-margin-top-large:12px;--awb-spacing-right-large:2.88%;--awb-margin-bottom-large:20px;--awb-spacing-left-large:2.88%;--awb-width-medium:60%;--awb-order-medium:0;--awb-spacing-right-medium:3.2%;--awb-spacing-left-medium:3.2%;--awb-width-small:100%;--awb-order-small:0;--awb-spacing-right-small:1.92%;--awb-margin-bottom-small:0px;--awb-spacing-left-small:1.92%;\"><div class=\"fusion-column-wrapper fusion-column-has-shadow fusion-flex-justify-content-flex-start fusion-content-layout-column\"><div class=\"fusion-title title fusion-title-9 fusion-sep-none fusion-title-text fusion-title-size-two\" style=\"--awb-text-color:#ffffff;\"><h2 class=\"title-heading-left sm-text-align-center fusion-responsive-typography-calculated\" style=\"margin:0;--fontSize:36;line-height:1.2;\">Pruebe las soluciones Smart Sensory Solutions<\/h2><\/div><div class=\"fusion-text fusion-text-9 sm-text-align-center\" style=\"--awb-font-size:20px;--awb-line-height:36px;--awb-text-transform:none;--awb-text-color:#ffffff;\"><p>Contacte con uno de nuestros expertos y le mostraremos c\u00f3mo la nuestra soluci\u00f3n puede adaptarse a su flujo de trabajo y mejorar su investigaci\u00f3n sensorial.<\/p>\n<\/div><\/div><\/div><div class=\"fusion-layout-column fusion_builder_column_inner fusion-builder-nested-column-1 fusion_builder_column_inner_1_3 1_3 fusion-flex-column\" style=\"--awb-bg-size:cover;--awb-width-large:33.333333333333%;--awb-margin-top-large:20px;--awb-spacing-right-large:5.76%;--awb-margin-bottom-large:20px;--awb-spacing-left-large:5.76%;--awb-width-medium:40%;--awb-order-medium:0;--awb-spacing-right-medium:4.8%;--awb-spacing-left-medium:4.8%;--awb-width-small:100%;--awb-order-small:0;--awb-spacing-right-small:1.92%;--awb-spacing-left-small:1.92%;\"><div class=\"fusion-column-wrapper fusion-column-has-shadow fusion-flex-justify-content-flex-start fusion-content-layout-column\"><div style=\"text-align:center;\"><a class=\"fusion-button button-flat fusion-button-default-size button-custom fusion-button-default button-1 fusion-button-span-yes fusion-button-default-type\" style=\"--button_accent_color:var(--awb-custom18);--button_accent_hover_color:#ffffff;--button_border_hover_color:#ffffff;--button_gradient_top_color:#ffffff;--button_gradient_bottom_color:#ffffff;--button_gradient_top_color_hover:var(--awb-custom18);--button_gradient_bottom_color_hover:var(--awb-custom18);\" target=\"_self\" href=\"https:\/\/www.smartsensorysolutions.com\/es\/contactos\/#contact-us\"><span class=\"fusion-button-text\">Reserva una Demo<\/span><\/a><\/div><div style=\"text-align:center;\"><a class=\"fusion-button button-flat fusion-button-default-size button-custom fusion-button-default button-2 fusion-button-span-yes fusion-button-default-type\" style=\"--button_accent_color:#ffffff;--button_accent_hover_color:#6db02d;--button_border_hover_color:#ffffff;--button_gradient_top_color:#6db02d;--button_gradient_bottom_color:#6db02d;--button_gradient_top_color_hover:#ffffff;--button_gradient_bottom_color_hover:#ffffff;--button_margin-top:12px;\" target=\"_self\" href=\"tel:+393402836591\" id=\"call-btn\"><i class=\"icon-accountant-call-us button-icon-left\" aria-hidden=\"true\"><\/i><span class=\"fusion-button-text\">+39 340 28 36 591<\/span><\/a><\/div><\/div><\/div><\/div><\/div><\/div><\/div><\/div>\n<\/p>\n","protected":false},"excerpt":{"rendered":"","protected":false},"author":2,"featured_media":0,"parent":0,"menu_order":0,"comment_status":"closed","ping_status":"closed","template":"100-width.php","meta":{"inline_featured_image":false},"yoast_head":"<!-- This site is optimized with the Yoast SEO plugin v20.4 - https:\/\/yoast.com\/wordpress\/plugins\/seo\/ -->\n<title>Preguntas frequentes - Smart Sensory Solutions<\/title>\n<meta name=\"description\" content=\"Puedes elegir utilizar Smart Sensory Solutions con un dispositivo f\u00edsico, Smart Sensory Box, o optar por una licencia en la nube completa.\" \/>\n<meta name=\"robots\" content=\"index, follow, max-snippet:-1, max-image-preview:large, max-video-preview:-1\" \/>\n<link rel=\"canonical\" href=\"https:\/\/www.smartsensorysolutions.com\/es\/preguntas-frequentes\/\" \/>\n<meta property=\"og:locale\" content=\"es_ES\" \/>\n<meta property=\"og:type\" content=\"article\" \/>\n<meta property=\"og:title\" content=\"Preguntas frequentes\" \/>\n<meta property=\"og:description\" content=\"Puedes elegir utilizar Smart Sensory Solutions con un dispositivo f\u00edsico, Smart Sensory Box, o optar por una licencia en la nube completa.\" \/>\n<meta property=\"og:url\" content=\"https:\/\/www.smartsensorysolutions.com\/es\/preguntas-frequentes\/\" \/>\n<meta property=\"og:site_name\" content=\"Smart Sensory Solutions\" \/>\n<meta property=\"article:modified_time\" content=\"2024-03-15T08:52:57+00:00\" \/>\n<meta property=\"og:image\" content=\"https:\/\/www.smartsensorysolutions.com\/wp-content\/uploads\/2022\/09\/TEST_2_tablet-1_1536-1024.jpg\" \/>\n\t<meta property=\"og:image:width\" content=\"1536\" \/>\n\t<meta property=\"og:image:height\" content=\"1024\" \/>\n\t<meta property=\"og:image:type\" content=\"image\/jpeg\" \/>\n<meta name=\"twitter:card\" content=\"summary_large_image\" \/>\n<meta name=\"twitter:title\" content=\"Preguntas frequentes\" \/>\n<meta name=\"twitter:description\" content=\"Puedes elegir utilizar Smart Sensory Solutions con un dispositivo f\u00edsico, Smart Sensory Box, o optar por una licencia en la nube completa.\" \/>\n<meta name=\"twitter:image\" content=\"https:\/\/www.smartsensorysolutions.com\/wp-content\/uploads\/2022\/09\/TEST_2_tablet-1_1536-1024.jpg\" \/>\n<meta name=\"twitter:label1\" content=\"Tiempo de lectura\" \/>\n\t<meta name=\"twitter:data1\" content=\"13 minutos\" \/>\n<script type=\"application\/ld+json\" class=\"yoast-schema-graph\">{\"@context\":\"https:\/\/schema.org\",\"@graph\":[{\"@type\":\"WebPage\",\"@id\":\"https:\/\/www.smartsensorysolutions.com\/es\/preguntas-frequentes\/\",\"url\":\"https:\/\/www.smartsensorysolutions.com\/es\/preguntas-frequentes\/\",\"name\":\"Preguntas frequentes - Smart Sensory Solutions\",\"isPartOf\":{\"@id\":\"https:\/\/www.smartsensorysolutions.com\/es\/#website\"},\"datePublished\":\"2020-09-14T14:06:13+00:00\",\"dateModified\":\"2024-03-15T08:52:57+00:00\",\"description\":\"Puedes elegir utilizar Smart Sensory Solutions con un dispositivo f\u00edsico, Smart Sensory Box, o optar por una licencia en la nube completa.\",\"breadcrumb\":{\"@id\":\"https:\/\/www.smartsensorysolutions.com\/es\/preguntas-frequentes\/#breadcrumb\"},\"inLanguage\":\"es\",\"potentialAction\":[{\"@type\":\"ReadAction\",\"target\":[\"https:\/\/www.smartsensorysolutions.com\/es\/preguntas-frequentes\/\"]}]},{\"@type\":\"BreadcrumbList\",\"@id\":\"https:\/\/www.smartsensorysolutions.com\/es\/preguntas-frequentes\/#breadcrumb\",\"itemListElement\":[{\"@type\":\"ListItem\",\"position\":1,\"name\":\"Home\",\"item\":\"https:\/\/www.smartsensorysolutions.com\/es\/\"},{\"@type\":\"ListItem\",\"position\":2,\"name\":\"Preguntas frequentes\"}]},{\"@type\":\"WebSite\",\"@id\":\"https:\/\/www.smartsensorysolutions.com\/es\/#website\",\"url\":\"https:\/\/www.smartsensorysolutions.com\/es\/\",\"name\":\"Smart Sensory Solutions\",\"description\":\"the innovative solution for Sensory Analysis\",\"potentialAction\":[{\"@type\":\"SearchAction\",\"target\":{\"@type\":\"EntryPoint\",\"urlTemplate\":\"https:\/\/www.smartsensorysolutions.com\/es\/?s={search_term_string}\"},\"query-input\":\"required name=search_term_string\"}],\"inLanguage\":\"es\"}]}<\/script>\n<!-- \/ Yoast SEO plugin. -->","yoast_head_json":{"title":"Preguntas frequentes - Smart Sensory Solutions","description":"Puedes elegir utilizar Smart Sensory Solutions con un dispositivo f\u00edsico, Smart Sensory Box, o optar por una licencia en la nube completa.","robots":{"index":"index","follow":"follow","max-snippet":"max-snippet:-1","max-image-preview":"max-image-preview:large","max-video-preview":"max-video-preview:-1"},"canonical":"https:\/\/www.smartsensorysolutions.com\/es\/preguntas-frequentes\/","og_locale":"es_ES","og_type":"article","og_title":"Preguntas frequentes","og_description":"Puedes elegir utilizar Smart Sensory Solutions con un dispositivo f\u00edsico, Smart Sensory Box, o optar por una licencia en la nube completa.","og_url":"https:\/\/www.smartsensorysolutions.com\/es\/preguntas-frequentes\/","og_site_name":"Smart Sensory Solutions","article_modified_time":"2024-03-15T08:52:57+00:00","og_image":[{"width":1536,"height":1024,"url":"https:\/\/www.smartsensorysolutions.com\/wp-content\/uploads\/2022\/09\/TEST_2_tablet-1_1536-1024.jpg","type":"image\/jpeg"}],"twitter_card":"summary_large_image","twitter_title":"Preguntas frequentes","twitter_description":"Puedes elegir utilizar Smart Sensory Solutions con un dispositivo f\u00edsico, Smart Sensory Box, o optar por una licencia en la nube completa.","twitter_image":"https:\/\/www.smartsensorysolutions.com\/wp-content\/uploads\/2022\/09\/TEST_2_tablet-1_1536-1024.jpg","twitter_misc":{"Tiempo de lectura":"13 minutos"},"schema":{"@context":"https:\/\/schema.org","@graph":[{"@type":"WebPage","@id":"https:\/\/www.smartsensorysolutions.com\/es\/preguntas-frequentes\/","url":"https:\/\/www.smartsensorysolutions.com\/es\/preguntas-frequentes\/","name":"Preguntas frequentes - Smart Sensory Solutions","isPartOf":{"@id":"https:\/\/www.smartsensorysolutions.com\/es\/#website"},"datePublished":"2020-09-14T14:06:13+00:00","dateModified":"2024-03-15T08:52:57+00:00","description":"Puedes elegir utilizar Smart Sensory Solutions con un dispositivo f\u00edsico, Smart Sensory Box, o optar por una licencia en la nube completa.","breadcrumb":{"@id":"https:\/\/www.smartsensorysolutions.com\/es\/preguntas-frequentes\/#breadcrumb"},"inLanguage":"es","potentialAction":[{"@type":"ReadAction","target":["https:\/\/www.smartsensorysolutions.com\/es\/preguntas-frequentes\/"]}]},{"@type":"BreadcrumbList","@id":"https:\/\/www.smartsensorysolutions.com\/es\/preguntas-frequentes\/#breadcrumb","itemListElement":[{"@type":"ListItem","position":1,"name":"Home","item":"https:\/\/www.smartsensorysolutions.com\/es\/"},{"@type":"ListItem","position":2,"name":"Preguntas frequentes"}]},{"@type":"WebSite","@id":"https:\/\/www.smartsensorysolutions.com\/es\/#website","url":"https:\/\/www.smartsensorysolutions.com\/es\/","name":"Smart Sensory Solutions","description":"the innovative solution for Sensory Analysis","potentialAction":[{"@type":"SearchAction","target":{"@type":"EntryPoint","urlTemplate":"https:\/\/www.smartsensorysolutions.com\/es\/?s={search_term_string}"},"query-input":"required name=search_term_string"}],"inLanguage":"es"}]}},"_links":{"self":[{"href":"https:\/\/www.smartsensorysolutions.com\/es\/wp-json\/wp\/v2\/pages\/5583"}],"collection":[{"href":"https:\/\/www.smartsensorysolutions.com\/es\/wp-json\/wp\/v2\/pages"}],"about":[{"href":"https:\/\/www.smartsensorysolutions.com\/es\/wp-json\/wp\/v2\/types\/page"}],"author":[{"embeddable":true,"href":"https:\/\/www.smartsensorysolutions.com\/es\/wp-json\/wp\/v2\/users\/2"}],"replies":[{"embeddable":true,"href":"https:\/\/www.smartsensorysolutions.com\/es\/wp-json\/wp\/v2\/comments?post=5583"}],"version-history":[{"count":8,"href":"https:\/\/www.smartsensorysolutions.com\/es\/wp-json\/wp\/v2\/pages\/5583\/revisions"}],"predecessor-version":[{"id":6544,"href":"https:\/\/www.smartsensorysolutions.com\/es\/wp-json\/wp\/v2\/pages\/5583\/revisions\/6544"}],"wp:attachment":[{"href":"https:\/\/www.smartsensorysolutions.com\/es\/wp-json\/wp\/v2\/media?parent=5583"}],"curies":[{"name":"wp","href":"https:\/\/api.w.org\/{rel}","templated":true}]}}