{"id":5755,"date":"2020-09-14T16:06:13","date_gmt":"2020-09-14T14:06:13","guid":{"rendered":"https:\/\/www.smartsensorysolutions.com\/faqs\/"},"modified":"2024-03-15T09:52:05","modified_gmt":"2024-03-15T08:52:05","slug":"preguntes-frequents","status":"publish","type":"page","link":"https:\/\/www.smartsensorysolutions.com\/ca\/preguntes-frequents\/","title":{"rendered":"Preguntes freq\u00fcents"},"content":{"rendered":"<p><div class=\"fusion-fullwidth fullwidth-box fusion-builder-row-1 fusion-flex-container nonhundred-percent-fullwidth non-hundred-percent-height-scrolling\" style=\"--awb-border-radius-top-left:0px;--awb-border-radius-top-right:0px;--awb-border-radius-bottom-right:0px;--awb-border-radius-bottom-left:0px;--awb-padding-top:40px;--awb-padding-bottom:40px;--awb-padding-top-medium:60px;--awb-padding-bottom-medium:60px;--awb-padding-top-small:20px;--awb-padding-bottom-small:60px;--awb-background-color:rgba(242,246,252,0.5);\" ><div class=\"fusion-builder-row fusion-row fusion-flex-align-items-flex-start\" style=\"max-width:1310.4px;margin-left: calc(-4% \/ 2 );margin-right: calc(-4% \/ 2 );\"><div class=\"fusion-layout-column fusion_builder_column fusion-builder-column-0 fusion_builder_column_1_2 1_2 fusion-flex-column\" style=\"--awb-bg-size:cover;--awb-width-large:50%;--awb-margin-top-large:20px;--awb-spacing-right-large:7.68%;--awb-margin-bottom-large:20px;--awb-spacing-left-large:3.84%;--awb-width-medium:50%;--awb-order-medium:0;--awb-spacing-right-medium:7.68%;--awb-spacing-left-medium:7.68%;--awb-width-small:100%;--awb-order-small:0;--awb-spacing-right-small:1.92%;--awb-margin-bottom-small:0px;--awb-spacing-left-small:1.92%;\"><div class=\"fusion-column-wrapper fusion-column-has-shadow fusion-flex-justify-content-flex-start fusion-content-layout-column\"><div class=\"fusion-title title fusion-title-1 fusion-sep-none fusion-title-text fusion-title-size-three\"><h3 class=\"title-heading-left fusion-responsive-typography-calculated\" style=\"margin:0;--fontSize:28;line-height:1.3;\">Smart Sensory Solutions t\u00e9 una versi\u00f3 en n\u00favol?<\/h3><\/div><div class=\"fusion-text fusion-text-1\" style=\"--awb-text-transform:none;\"><p>S\u00ed. Pots triar utilitzar Smart Sensory Solutions amb un dispositiu f\u00edsic o optar per una llic\u00e8ncia en n\u00favol. Tamb\u00e9 tenim solucions h\u00edbrides. Contacta&#8217;ns per obtenir informaci\u00f3 addicional.<\/p>\n<\/div><\/div><\/div><div class=\"fusion-layout-column fusion_builder_column fusion-builder-column-1 fusion_builder_column_1_2 1_2 fusion-flex-column\" style=\"--awb-bg-size:cover;--awb-width-large:50%;--awb-margin-top-large:20px;--awb-spacing-right-large:7.68%;--awb-margin-bottom-large:20px;--awb-spacing-left-large:3.84%;--awb-width-medium:50%;--awb-order-medium:0;--awb-spacing-right-medium:7.68%;--awb-spacing-left-medium:7.68%;--awb-width-small:100%;--awb-order-small:0;--awb-spacing-right-small:1.92%;--awb-margin-bottom-small:0px;--awb-spacing-left-small:1.92%;\"><div class=\"fusion-column-wrapper fusion-column-has-shadow fusion-flex-justify-content-flex-start fusion-content-layout-column\"><div class=\"fusion-title title fusion-title-2 fusion-sep-none fusion-title-text fusion-title-size-three\"><h3 class=\"title-heading-left fusion-responsive-typography-calculated\" style=\"margin:0;--fontSize:28;line-height:1.3;\">Smart Sensory Solutions necessita manteniment?<\/h3><\/div><div class=\"fusion-text fusion-text-2\" style=\"--awb-text-transform:none;\"><p>Si vas triar la versi\u00f3 al n\u00favol, el manteniment als servidors es realitza peri\u00f2dicament per nosaltres. A l&#8217;usuari no es demana cap acci\u00f3. El dispositiu f\u00edsic \u201cbox\u201d que proporcionem als usuaris \u00e9s un maquinari molt robust i fiable. Tot i aix\u00f2, els dispositius electr\u00f2nics, com totes les coses, eventualment es desgastaran amb el temps. Si el teu Smart Sensory Box deixa de funcionar, envia&#8217;l de tornada i el reempla\u00e7arem de forma gratu\u00efta.<\/p>\n<\/div><\/div><\/div><div class=\"fusion-layout-column fusion_builder_column fusion-builder-column-2 fusion_builder_column_1_2 1_2 fusion-flex-column\" style=\"--awb-bg-size:cover;--awb-width-large:50%;--awb-margin-top-large:20px;--awb-spacing-right-large:7.68%;--awb-margin-bottom-large:20px;--awb-spacing-left-large:3.84%;--awb-width-medium:50%;--awb-order-medium:0;--awb-spacing-right-medium:7.68%;--awb-spacing-left-medium:7.68%;--awb-width-small:100%;--awb-order-small:0;--awb-spacing-right-small:1.92%;--awb-margin-bottom-small:0px;--awb-spacing-left-small:1.92%;\"><div class=\"fusion-column-wrapper fusion-column-has-shadow fusion-flex-justify-content-flex-start fusion-content-layout-column\"><div class=\"fusion-title title fusion-title-3 fusion-sep-none fusion-title-text fusion-title-size-three\"><h3 class=\"title-heading-left fusion-responsive-typography-calculated\" style=\"margin:0;--fontSize:28;line-height:1.3;\">Com instal\u00b7lo el meu Smart Sensory Box?<\/h3><\/div><div class=\"fusion-text fusion-text-3\" style=\"--awb-text-transform:none;\"><p>Quan desempaquis el teu Smart Sensory Box, simplement connecta-ho a la font d&#8217;alimentaci\u00f3 i enc\u00e9n-lo. El sistema comen\u00e7ar\u00e0 i crear\u00e0 una xarxa wifi. Fes servir el teu PC o tablet per accedir a la xarxa i obrir el teu navegador Chrome. Veureu la p\u00e0gina d&#8217;inici de Smart Sensory Solutions i estareu a punt per comen\u00e7ar. Si vas triar la versi\u00f3 en l\u00ednia, simplement escriu la URL del la teva instal\u00b7laci\u00f3 al n\u00favol i accedeix amb les credencials proporcionades. L&#8217;inici de sessi\u00f3 nom\u00e9s \u00e9s necessari per als caps de panel. Els avaluadors poden accedir lliurement o, si el cap de panel ho requereix, amb contrasenya.<\/p>\n<\/div><\/div><\/div><div class=\"fusion-layout-column fusion_builder_column fusion-builder-column-3 fusion_builder_column_1_2 1_2 fusion-flex-column\" style=\"--awb-bg-size:cover;--awb-width-large:50%;--awb-margin-top-large:20px;--awb-spacing-right-large:7.68%;--awb-margin-bottom-large:20px;--awb-spacing-left-large:3.84%;--awb-width-medium:50%;--awb-order-medium:0;--awb-spacing-right-medium:7.68%;--awb-spacing-left-medium:7.68%;--awb-width-small:100%;--awb-order-small:0;--awb-spacing-right-small:1.92%;--awb-margin-bottom-small:0px;--awb-spacing-left-small:1.92%;\"><div class=\"fusion-column-wrapper fusion-column-has-shadow fusion-flex-justify-content-flex-start fusion-content-layout-column\"><div class=\"fusion-title title fusion-title-4 fusion-sep-none fusion-title-text fusion-title-size-three\"><h3 class=\"title-heading-left fusion-responsive-typography-calculated\" style=\"margin:0;--fontSize:28;line-height:1.3;\">Com funciona el box?<\/h3><\/div><div class=\"fusion-text fusion-text-4\" style=\"--awb-text-transform:none;\"><p>El box \u00e9s un mini servidor equipat amb una antena wifi. Quan ho encens, crear\u00e0 una xarxa wifi interna a la qual els usuaris poden connectar els seus dispositius (laptops, tablets o smartphones). Un cop connectats, els usuaris poden obrir el navegador Google Chrome i apareixer\u00e0 la p\u00e0gina d&#8217;inici de Smart Sensory Solutions com a p\u00e0gina principal. Per funcionar localment, el cap del panel i els dispositius dels panelistes han d&#8217;estar connectats al Smart Sensory Solutions mitjan\u00e7ant wifi. El cap del panel ha d\u2019iniciar sessi\u00f3 amb les credencials proporcionades, mentre que els panelistes poden accedir lliurement.<\/p>\n<\/div><\/div><\/div><div class=\"fusion-layout-column fusion_builder_column fusion-builder-column-4 fusion_builder_column_1_2 1_2 fusion-flex-column\" style=\"--awb-bg-size:cover;--awb-width-large:50%;--awb-margin-top-large:20px;--awb-spacing-right-large:7.68%;--awb-margin-bottom-large:20px;--awb-spacing-left-large:3.84%;--awb-width-medium:50%;--awb-order-medium:0;--awb-spacing-right-medium:7.68%;--awb-spacing-left-medium:7.68%;--awb-width-small:100%;--awb-order-small:0;--awb-spacing-right-small:1.92%;--awb-margin-bottom-small:0px;--awb-spacing-left-small:1.92%;\"><div class=\"fusion-column-wrapper fusion-column-has-shadow fusion-flex-justify-content-flex-start fusion-content-layout-column\"><div class=\"fusion-title title fusion-title-5 fusion-sep-none fusion-title-text fusion-title-size-three\"><h3 class=\"title-heading-left fusion-responsive-typography-calculated\" style=\"margin:0;--fontSize:28;line-height:1.3;\">Qu\u00e8 passa si necessito suport despr\u00e9s de la compra?<\/h3><\/div><div class=\"fusion-text fusion-text-5\" style=\"--awb-text-transform:none;\"><p>El nostre servei de suport al client \u00e9s actiu. Nom\u00e9s cal enviar un correu electr\u00f2nic a <a href=\"mailto:customers@smartsensorybox.com\">customers@smartsensorybox.com<\/a> especificant el teu problema i ens posarem en contacte amb tu immediatament.<\/p>\n<\/div><\/div><\/div><div class=\"fusion-layout-column fusion_builder_column fusion-builder-column-5 fusion_builder_column_1_2 1_2 fusion-flex-column\" style=\"--awb-bg-size:cover;--awb-width-large:50%;--awb-margin-top-large:20px;--awb-spacing-right-large:7.68%;--awb-margin-bottom-large:20px;--awb-spacing-left-large:3.84%;--awb-width-medium:50%;--awb-order-medium:0;--awb-spacing-right-medium:7.68%;--awb-spacing-left-medium:7.68%;--awb-width-small:100%;--awb-order-small:0;--awb-spacing-right-small:1.92%;--awb-margin-bottom-small:0px;--awb-spacing-left-small:1.92%;\"><div class=\"fusion-column-wrapper fusion-column-has-shadow fusion-flex-justify-content-flex-start fusion-content-layout-column\"><div class=\"fusion-title title fusion-title-6 fusion-sep-none fusion-title-text fusion-title-size-three\"><h3 class=\"title-heading-left fusion-responsive-typography-calculated\" style=\"margin:0;--fontSize:28;line-height:1.3;\">Com puc comen\u00e7ar a fer-lo servir?<\/h3><\/div><div class=\"fusion-text fusion-text-6\" style=\"--awb-text-transform:none;\"><p>Si vols veure com funciona i vols provar-ho, demana una demostraci\u00f3. T&#8217;enviarem un enlla\u00e7 perqu\u00e8 tri\u00efs la data i hora que prefereixis i t&#8217;enviarem un enlla\u00e7 per a una trucada de v\u00eddeo. Despr\u00e9s de la trucada, tindr\u00e0s un per\u00edode de prova gratu\u00eft de 30 dies sense comprom\u00eds de la versi\u00f3 completa de Smart Sensory Solutions.<\/p>\n<\/div><\/div><\/div><div class=\"fusion-layout-column fusion_builder_column fusion-builder-column-6 fusion_builder_column_1_2 1_2 fusion-flex-column\" style=\"--awb-bg-size:cover;--awb-width-large:50%;--awb-margin-top-large:20px;--awb-spacing-right-large:7.68%;--awb-margin-bottom-large:20px;--awb-spacing-left-large:3.84%;--awb-width-medium:50%;--awb-order-medium:0;--awb-spacing-right-medium:7.68%;--awb-spacing-left-medium:7.68%;--awb-width-small:100%;--awb-order-small:0;--awb-spacing-right-small:1.92%;--awb-margin-bottom-small:0px;--awb-spacing-left-small:1.92%;\"><div class=\"fusion-column-wrapper fusion-column-has-shadow fusion-flex-justify-content-flex-start fusion-content-layout-column\"><div class=\"fusion-title title fusion-title-7 fusion-sep-none fusion-title-text fusion-title-size-three\"><h3 class=\"title-heading-left fusion-responsive-typography-calculated\" style=\"margin:0;--fontSize:28;line-height:1.3;\">En quins sectors puc aplicar Smart Sensory Solutions i la ci\u00e8ncia sensorial\/consumidor?<\/h3><\/div><div class=\"fusion-text fusion-text-7\" style=\"--awb-text-transform:none;\"><p>La recerca sensorial i del consumidor es pot aplicar pr\u00e0cticament a qualsevol b\u00e9 de consum. Smart Sensory Solutions est\u00e0 dissenyat per adaptar-se a tota mena d&#8217;investigacions. Tamb\u00e9 oferim solucions personalitzades, i serveis d\u2019assessorament i capacitaci\u00f3.<\/p>\n<\/div><\/div><\/div><div class=\"fusion-layout-column fusion_builder_column fusion-builder-column-7 fusion_builder_column_1_2 1_2 fusion-flex-column\" style=\"--awb-bg-size:cover;--awb-width-large:50%;--awb-margin-top-large:20px;--awb-spacing-right-large:7.68%;--awb-margin-bottom-large:20px;--awb-spacing-left-large:3.84%;--awb-width-medium:50%;--awb-order-medium:0;--awb-spacing-right-medium:7.68%;--awb-spacing-left-medium:7.68%;--awb-width-small:100%;--awb-order-small:0;--awb-spacing-right-small:1.92%;--awb-margin-bottom-small:0px;--awb-spacing-left-small:1.92%;\"><div class=\"fusion-column-wrapper fusion-column-has-shadow fusion-flex-justify-content-flex-start fusion-content-layout-column\"><div class=\"fusion-title title fusion-title-8 fusion-sep-none fusion-title-text fusion-title-size-three\"><h3 class=\"title-heading-left fusion-responsive-typography-calculated\" style=\"margin:0;--fontSize:28;line-height:1.3;\">Com puc instal\u00b7lar nous tests addicionals?<\/h3><\/div><div class=\"fusion-text fusion-text-8\" style=\"--awb-text-transform:none;\"><p>If you wish to add new tests to your licence, please <a href=\"https:\/\/www.smartsensorysolutions.com\/application\/#contact-us\">send us an email<\/a> with your request.<\/p>\n<p>Si vols afegir nous tests a la teva llic\u00e8ncia, envia&#8217;ns un correu electr\u00f2nic amb la teva sol\u00b7licitud (<a href=\"https:\/\/www.smartsensorysolutions.com\/application\/#contact-us\">customers@smartsensorysolutions.com<\/a>)<\/p>\n<\/div><\/div><\/div><\/div><\/div><div class=\"fusion-fullwidth fullwidth-box fusion-builder-row-2 fusion-flex-container has-pattern-background has-mask-background nonhundred-percent-fullwidth non-hundred-percent-height-scrolling\" style=\"--link_color: #ffffff;--awb-border-radius-top-left:0px;--awb-border-radius-top-right:0px;--awb-border-radius-bottom-right:0px;--awb-border-radius-bottom-left:0px;--awb-padding-top:20px;--awb-padding-bottom:20px;--awb-padding-top-small:40px;--awb-padding-right-small:20px;--awb-padding-bottom-small:0px;--awb-padding-left-small:20px;\" ><div class=\"fusion-builder-row fusion-row fusion-flex-align-items-center fusion-flex-justify-content-center\" style=\"max-width:1310.4px;margin-left: calc(-4% \/ 2 );margin-right: calc(-4% \/ 2 );\"><div class=\"fusion-layout-column fusion_builder_column fusion-builder-column-8 fusion_builder_column_1_1 1_1 fusion-flex-column\" style=\"--awb-padding-top:2%;--awb-padding-right:6%;--awb-padding-bottom:2%;--awb-padding-left:6%;--awb-overflow:hidden;--awb-bg-color:var(--awb-custom_color_1);--awb-bg-size:cover;--awb-box-shadow:0px 24px 40px 0px rgba(0,29,48,0.24);;--awb-border-radius:24px 24px 24px 24px;--awb-width-large:100%;--awb-margin-top-large:20px;--awb-spacing-right-large:0%;--awb-margin-bottom-large:20px;--awb-spacing-left-large:0%;--awb-width-medium:100%;--awb-order-medium:0;--awb-spacing-right-medium:0%;--awb-spacing-left-medium:0%;--awb-width-small:100%;--awb-order-small:0;--awb-spacing-right-small:1.92%;--awb-spacing-left-small:1.92%;\"><div class=\"fusion-column-wrapper fusion-column-has-shadow fusion-flex-justify-content-flex-start fusion-content-layout-column\"><div class=\"fusion-builder-row fusion-builder-row-inner fusion-row fusion-flex-align-items-center fusion-flex-justify-content-center\" style=\"width:104% !important;max-width:104% !important;margin-left: calc(-4% \/ 2 );margin-right: calc(-4% \/ 2 );\"><div class=\"fusion-layout-column fusion_builder_column_inner fusion-builder-nested-column-0 fusion_builder_column_inner_2_3 2_3 fusion-flex-column\" style=\"--awb-bg-size:cover;--awb-width-large:66.666666666667%;--awb-margin-top-large:12px;--awb-spacing-right-large:2.88%;--awb-margin-bottom-large:20px;--awb-spacing-left-large:2.88%;--awb-width-medium:60%;--awb-order-medium:0;--awb-spacing-right-medium:3.2%;--awb-spacing-left-medium:3.2%;--awb-width-small:100%;--awb-order-small:0;--awb-spacing-right-small:1.92%;--awb-margin-bottom-small:0px;--awb-spacing-left-small:1.92%;\"><div class=\"fusion-column-wrapper fusion-column-has-shadow fusion-flex-justify-content-flex-start fusion-content-layout-column\"><div class=\"fusion-title title fusion-title-9 fusion-sep-none fusion-title-text fusion-title-size-two\" style=\"--awb-text-color:#ffffff;\"><h2 class=\"title-heading-left sm-text-align-center fusion-responsive-typography-calculated\" style=\"margin:0;--fontSize:36;line-height:1.2;\">Pruebe las soluciones Smart Sensory Solutions<\/h2><\/div><div class=\"fusion-text fusion-text-9 sm-text-align-center\" style=\"--awb-font-size:20px;--awb-line-height:36px;--awb-text-transform:none;--awb-text-color:#ffffff;\"><p>Contacte con uno de nuestros expertos y le mostraremos c\u00f3mo la nuestra soluci\u00f3n puede adaptarse a su flujo de trabajo y mejorar su investigaci\u00f3n sensorial.<\/p>\n<\/div><\/div><\/div><div class=\"fusion-layout-column fusion_builder_column_inner fusion-builder-nested-column-1 fusion_builder_column_inner_1_3 1_3 fusion-flex-column\" style=\"--awb-bg-size:cover;--awb-width-large:33.333333333333%;--awb-margin-top-large:20px;--awb-spacing-right-large:5.76%;--awb-margin-bottom-large:20px;--awb-spacing-left-large:5.76%;--awb-width-medium:40%;--awb-order-medium:0;--awb-spacing-right-medium:4.8%;--awb-spacing-left-medium:4.8%;--awb-width-small:100%;--awb-order-small:0;--awb-spacing-right-small:1.92%;--awb-spacing-left-small:1.92%;\"><div class=\"fusion-column-wrapper fusion-column-has-shadow fusion-flex-justify-content-flex-start fusion-content-layout-column\"><div style=\"text-align:center;\"><a class=\"fusion-button button-flat fusion-button-default-size button-custom fusion-button-default button-1 fusion-button-span-yes fusion-button-default-type\" style=\"--button_accent_color:var(--awb-custom18);--button_accent_hover_color:#ffffff;--button_border_hover_color:#ffffff;--button_gradient_top_color:#ffffff;--button_gradient_bottom_color:#ffffff;--button_gradient_top_color_hover:var(--awb-custom18);--button_gradient_bottom_color_hover:var(--awb-custom18);\" target=\"_self\" href=\"\/ca\/contactes\/#contactes\"><span class=\"fusion-button-text\">Reserva una demo<\/span><\/a><\/div><div style=\"text-align:center;\"><a class=\"fusion-button button-flat fusion-button-default-size button-custom fusion-button-default button-2 fusion-button-span-yes fusion-button-default-type\" style=\"--button_accent_color:#ffffff;--button_accent_hover_color:#6db02d;--button_border_hover_color:#ffffff;--button_gradient_top_color:#6db02d;--button_gradient_bottom_color:#6db02d;--button_gradient_top_color_hover:#ffffff;--button_gradient_bottom_color_hover:#ffffff;--button_margin-top:12px;\" target=\"_self\" href=\"tel:+393402836591\" id=\"call-btn\"><i class=\"icon-accountant-call-us button-icon-left\" aria-hidden=\"true\"><\/i><span class=\"fusion-button-text\">+39 340 28 36 591<\/span><\/a><\/div><\/div><\/div><\/div><\/div><\/div><\/div><\/div>\n<\/p>\n","protected":false},"excerpt":{"rendered":"","protected":false},"author":2,"featured_media":0,"parent":0,"menu_order":0,"comment_status":"closed","ping_status":"closed","template":"100-width.php","meta":{"inline_featured_image":false},"yoast_head":"<!-- This site is optimized with the Yoast SEO plugin v20.4 - https:\/\/yoast.com\/wordpress\/plugins\/seo\/ -->\n<title>Preguntes freq\u00fcents - Smart Sensory Solutions<\/title>\n<meta name=\"description\" content=\"Descobriu tots els avantatges de Smart Sensory Solutions. Llic\u00e8ncies, n\u00favol i m\u00e8todes d&#039;\u00fas\" \/>\n<meta name=\"robots\" content=\"index, follow, max-snippet:-1, max-image-preview:large, max-video-preview:-1\" \/>\n<link rel=\"canonical\" href=\"https:\/\/www.smartsensorysolutions.com\/ca\/preguntes-frequents\/\" \/>\n<meta property=\"og:locale\" content=\"ca_ES\" \/>\n<meta property=\"og:type\" content=\"article\" \/>\n<meta property=\"og:title\" content=\"Preguntes freq\u00fcents\" \/>\n<meta property=\"og:description\" content=\"Descobriu tots els avantatges de Smart Sensory Solutions. Llic\u00e8ncies, n\u00favol i m\u00e8todes d&#039;\u00fas\" \/>\n<meta property=\"og:url\" content=\"https:\/\/www.smartsensorysolutions.com\/ca\/preguntes-frequents\/\" \/>\n<meta property=\"og:site_name\" content=\"Smart Sensory Solutions\" \/>\n<meta property=\"article:modified_time\" content=\"2024-03-15T08:52:05+00:00\" \/>\n<meta property=\"og:image\" content=\"https:\/\/www.smartsensorysolutions.com\/wp-content\/uploads\/2021\/10\/recruit_business-3560932_1920.jpg\" \/>\n\t<meta property=\"og:image:width\" content=\"1920\" \/>\n\t<meta property=\"og:image:height\" content=\"1280\" \/>\n\t<meta property=\"og:image:type\" content=\"image\/jpeg\" \/>\n<meta name=\"twitter:card\" content=\"summary_large_image\" \/>\n<meta name=\"twitter:title\" content=\"Preguntes freq\u00fcents\" \/>\n<meta name=\"twitter:description\" content=\"Descobriu tots els avantatges de Smart Sensory Solutions. Llic\u00e8ncies, n\u00favol i m\u00e8todes d&#039;\u00fas\" \/>\n<meta name=\"twitter:image\" content=\"https:\/\/www.smartsensorysolutions.com\/wp-content\/uploads\/2021\/10\/recruit_business-3560932_1920.jpg\" \/>\n<meta name=\"twitter:label1\" content=\"Temps estimat de lectura\" \/>\n\t<meta name=\"twitter:data1\" content=\"13 minuts\" \/>\n<script type=\"application\/ld+json\" class=\"yoast-schema-graph\">{\"@context\":\"https:\/\/schema.org\",\"@graph\":[{\"@type\":\"WebPage\",\"@id\":\"https:\/\/www.smartsensorysolutions.com\/ca\/preguntes-frequents\/\",\"url\":\"https:\/\/www.smartsensorysolutions.com\/ca\/preguntes-frequents\/\",\"name\":\"Preguntes freq\u00fcents - Smart Sensory Solutions\",\"isPartOf\":{\"@id\":\"https:\/\/www.smartsensorysolutions.com\/ca\/#website\"},\"datePublished\":\"2020-09-14T14:06:13+00:00\",\"dateModified\":\"2024-03-15T08:52:05+00:00\",\"description\":\"Descobriu tots els avantatges de Smart Sensory Solutions. Llic\u00e8ncies, n\u00favol i m\u00e8todes d'\u00fas\",\"breadcrumb\":{\"@id\":\"https:\/\/www.smartsensorysolutions.com\/ca\/preguntes-frequents\/#breadcrumb\"},\"inLanguage\":\"ca\",\"potentialAction\":[{\"@type\":\"ReadAction\",\"target\":[\"https:\/\/www.smartsensorysolutions.com\/ca\/preguntes-frequents\/\"]}]},{\"@type\":\"BreadcrumbList\",\"@id\":\"https:\/\/www.smartsensorysolutions.com\/ca\/preguntes-frequents\/#breadcrumb\",\"itemListElement\":[{\"@type\":\"ListItem\",\"position\":1,\"name\":\"Home\",\"item\":\"https:\/\/www.smartsensorysolutions.com\/ca\/\"},{\"@type\":\"ListItem\",\"position\":2,\"name\":\"Preguntes freq\u00fcents\"}]},{\"@type\":\"WebSite\",\"@id\":\"https:\/\/www.smartsensorysolutions.com\/ca\/#website\",\"url\":\"https:\/\/www.smartsensorysolutions.com\/ca\/\",\"name\":\"Smart Sensory Solutions\",\"description\":\"the innovative solution for Sensory Analysis\",\"potentialAction\":[{\"@type\":\"SearchAction\",\"target\":{\"@type\":\"EntryPoint\",\"urlTemplate\":\"https:\/\/www.smartsensorysolutions.com\/ca\/?s={search_term_string}\"},\"query-input\":\"required name=search_term_string\"}],\"inLanguage\":\"ca\"}]}<\/script>\n<!-- \/ Yoast SEO plugin. -->","yoast_head_json":{"title":"Preguntes freq\u00fcents - Smart Sensory Solutions","description":"Descobriu tots els avantatges de Smart Sensory Solutions. Llic\u00e8ncies, n\u00favol i m\u00e8todes d'\u00fas","robots":{"index":"index","follow":"follow","max-snippet":"max-snippet:-1","max-image-preview":"max-image-preview:large","max-video-preview":"max-video-preview:-1"},"canonical":"https:\/\/www.smartsensorysolutions.com\/ca\/preguntes-frequents\/","og_locale":"ca_ES","og_type":"article","og_title":"Preguntes freq\u00fcents","og_description":"Descobriu tots els avantatges de Smart Sensory Solutions. Llic\u00e8ncies, n\u00favol i m\u00e8todes d'\u00fas","og_url":"https:\/\/www.smartsensorysolutions.com\/ca\/preguntes-frequents\/","og_site_name":"Smart Sensory Solutions","article_modified_time":"2024-03-15T08:52:05+00:00","og_image":[{"width":1920,"height":1280,"url":"https:\/\/www.smartsensorysolutions.com\/wp-content\/uploads\/2021\/10\/recruit_business-3560932_1920.jpg","type":"image\/jpeg"}],"twitter_card":"summary_large_image","twitter_title":"Preguntes freq\u00fcents","twitter_description":"Descobriu tots els avantatges de Smart Sensory Solutions. Llic\u00e8ncies, n\u00favol i m\u00e8todes d'\u00fas","twitter_image":"https:\/\/www.smartsensorysolutions.com\/wp-content\/uploads\/2021\/10\/recruit_business-3560932_1920.jpg","twitter_misc":{"Temps estimat de lectura":"13 minuts"},"schema":{"@context":"https:\/\/schema.org","@graph":[{"@type":"WebPage","@id":"https:\/\/www.smartsensorysolutions.com\/ca\/preguntes-frequents\/","url":"https:\/\/www.smartsensorysolutions.com\/ca\/preguntes-frequents\/","name":"Preguntes freq\u00fcents - Smart Sensory Solutions","isPartOf":{"@id":"https:\/\/www.smartsensorysolutions.com\/ca\/#website"},"datePublished":"2020-09-14T14:06:13+00:00","dateModified":"2024-03-15T08:52:05+00:00","description":"Descobriu tots els avantatges de Smart Sensory Solutions. Llic\u00e8ncies, n\u00favol i m\u00e8todes d'\u00fas","breadcrumb":{"@id":"https:\/\/www.smartsensorysolutions.com\/ca\/preguntes-frequents\/#breadcrumb"},"inLanguage":"ca","potentialAction":[{"@type":"ReadAction","target":["https:\/\/www.smartsensorysolutions.com\/ca\/preguntes-frequents\/"]}]},{"@type":"BreadcrumbList","@id":"https:\/\/www.smartsensorysolutions.com\/ca\/preguntes-frequents\/#breadcrumb","itemListElement":[{"@type":"ListItem","position":1,"name":"Home","item":"https:\/\/www.smartsensorysolutions.com\/ca\/"},{"@type":"ListItem","position":2,"name":"Preguntes freq\u00fcents"}]},{"@type":"WebSite","@id":"https:\/\/www.smartsensorysolutions.com\/ca\/#website","url":"https:\/\/www.smartsensorysolutions.com\/ca\/","name":"Smart Sensory Solutions","description":"the innovative solution for Sensory Analysis","potentialAction":[{"@type":"SearchAction","target":{"@type":"EntryPoint","urlTemplate":"https:\/\/www.smartsensorysolutions.com\/ca\/?s={search_term_string}"},"query-input":"required name=search_term_string"}],"inLanguage":"ca"}]}},"_links":{"self":[{"href":"https:\/\/www.smartsensorysolutions.com\/ca\/wp-json\/wp\/v2\/pages\/5755"}],"collection":[{"href":"https:\/\/www.smartsensorysolutions.com\/ca\/wp-json\/wp\/v2\/pages"}],"about":[{"href":"https:\/\/www.smartsensorysolutions.com\/ca\/wp-json\/wp\/v2\/types\/page"}],"author":[{"embeddable":true,"href":"https:\/\/www.smartsensorysolutions.com\/ca\/wp-json\/wp\/v2\/users\/2"}],"replies":[{"embeddable":true,"href":"https:\/\/www.smartsensorysolutions.com\/ca\/wp-json\/wp\/v2\/comments?post=5755"}],"version-history":[{"count":7,"href":"https:\/\/www.smartsensorysolutions.com\/ca\/wp-json\/wp\/v2\/pages\/5755\/revisions"}],"predecessor-version":[{"id":6550,"href":"https:\/\/www.smartsensorysolutions.com\/ca\/wp-json\/wp\/v2\/pages\/5755\/revisions\/6550"}],"wp:attachment":[{"href":"https:\/\/www.smartsensorysolutions.com\/ca\/wp-json\/wp\/v2\/media?parent=5755"}],"curies":[{"name":"wp","href":"https:\/\/api.w.org\/{rel}","templated":true}]}}